{"id":439,"date":"2025-09-22T13:37:31","date_gmt":"2025-09-22T13:37:31","guid":{"rendered":"https:\/\/3d8.se\/?product=milwaukee-m12-batterifaste"},"modified":"2025-09-22T13:37:34","modified_gmt":"2025-09-22T13:37:34","slug":"milwaukee-m12-batterifaste","status":"publish","type":"product","link":"https:\/\/3d8.se\/?product=milwaukee-m12-batterifaste","title":{"rendered":"Milwaukee M12 batterif\u00e4ste"},"content":{"rendered":"<p>F\u00f6r montering under t.ex. hylla, tillverkade i ABS och levereras svarta, andra f\u00e4rger g\u00e5r att specialbest\u00e4lla.<\/p>\n","protected":false},"excerpt":{"rendered":"<p>F\u00f6r montering under t.ex. hylla, tillverkade i ABS och levereras svarta, andra f\u00e4rger g\u00e5r att specialbest\u00e4lla.<\/p>\n","protected":false},"featured_media":438,"comment_status":"open","ping_status":"closed","template":"","meta":[],"product_brand":[],"product_cat":[16],"product_tag":[],"class_list":{"0":"post-439","1":"product","2":"type-product","3":"status-publish","4":"has-post-thumbnail","6":"product_cat-okategoriserad","8":"first","9":"instock","10":"taxable","11":"shipping-taxable","12":"purchasable","13":"product-type-simple"},"jetpack_sharing_enabled":true,"_links":{"self":[{"href":"https:\/\/3d8.se\/index.php?rest_route=\/wp\/v2\/product\/439","targetHints":{"allow":["GET"]}}],"collection":[{"href":"https:\/\/3d8.se\/index.php?rest_route=\/wp\/v2\/product"}],"about":[{"href":"https:\/\/3d8.se\/index.php?rest_route=\/wp\/v2\/types\/product"}],"replies":[{"embeddable":true,"href":"https:\/\/3d8.se\/index.php?rest_route=%2Fwp%2Fv2%2Fcomments&post=439"}],"wp:featuredmedia":[{"embeddable":true,"href":"https:\/\/3d8.se\/index.php?rest_route=\/wp\/v2\/media\/438"}],"wp:attachment":[{"href":"https:\/\/3d8.se\/index.php?rest_route=%2Fwp%2Fv2%2Fmedia&parent=439"}],"wp:term":[{"taxonomy":"product_brand","embeddable":true,"href":"https:\/\/3d8.se\/index.php?rest_route=%2Fwp%2Fv2%2Fproduct_brand&post=439"},{"taxonomy":"product_cat","embeddable":true,"href":"https:\/\/3d8.se\/index.php?rest_route=%2Fwp%2Fv2%2Fproduct_cat&post=439"},{"taxonomy":"product_tag","embeddable":true,"href":"https:\/\/3d8.se\/index.php?rest_route=%2Fwp%2Fv2%2Fproduct_tag&post=439"}],"curies":[{"name":"wp","href":"https:\/\/api.w.org\/{rel}","templated":true}]}}