{"id":381,"date":"2024-09-19T08:00:06","date_gmt":"2024-09-19T08:00:06","guid":{"rendered":"https:\/\/3d8.se\/?post_type=product&#038;p=381"},"modified":"2024-09-19T08:00:06","modified_gmt":"2024-09-19T08:00:06","slug":"m18-till-ledlampa","status":"publish","type":"product","link":"https:\/\/3d8.se\/?product=m18-till-ledlampa","title":{"rendered":"M18 till Ledlampa"},"content":{"rendered":"<p>Uppt\u00e4ck v\u00e5r senaste innovation f\u00f6r Milwaukee M18 batterier! V\u00e5rt nya f\u00e4ste f\u00f6r M18 batterier \u00e4r designat f\u00f6r att enkelt montera en LED-lampa, vilken du sj\u00e4lv tillhandah\u00e5ller (M8 bult kr\u00e4vs), direkt p\u00e5 ditt batteri. Tillverkat i robust ABS-material, erbjuder detta f\u00e4ste b\u00e5de h\u00e5llbarhet och enkelhet i anv\u00e4ndning. Perfekt f\u00f6r alla som beh\u00f6ver en kraftfull LED-lampsl\u00f6sning som kan hantera 18V. Utnyttja din Milwaukee M18 till det yttersta med v\u00e5rt praktiska och p\u00e5litliga f\u00e4ste. Best\u00e4ll idag och ta belysningen till n\u00e4sta niv\u00e5!<\/p>\n<p><img loading=\"lazy\" decoding=\"async\" class=\"alignnone size-medium wp-image-380\" src=\"https:\/\/3d8.se\/wp-content\/uploads\/2024\/09\/img_2739-225x300.jpg\" alt=\"\" width=\"225\" height=\"300\" srcset=\"https:\/\/3d8.se\/wp-content\/uploads\/2024\/09\/img_2739-225x300.jpg 225w, https:\/\/3d8.se\/wp-content\/uploads\/2024\/09\/img_2739-768x1024.jpg 768w, https:\/\/3d8.se\/wp-content\/uploads\/2024\/09\/img_2739-1152x1536.jpg 1152w, https:\/\/3d8.se\/wp-content\/uploads\/2024\/09\/img_2739-600x800.jpg 600w, https:\/\/3d8.se\/wp-content\/uploads\/2024\/09\/img_2739.jpg 1500w\" sizes=\"auto, (max-width: 225px) 100vw, 225px\" \/> <img loading=\"lazy\" decoding=\"async\" class=\"alignnone size-medium wp-image-379\" src=\"https:\/\/3d8.se\/wp-content\/uploads\/2024\/09\/img_2742-219x300.jpg\" alt=\"\" width=\"219\" height=\"300\" srcset=\"https:\/\/3d8.se\/wp-content\/uploads\/2024\/09\/img_2742-219x300.jpg 219w, https:\/\/3d8.se\/wp-content\/uploads\/2024\/09\/img_2742-746x1024.jpg 746w, https:\/\/3d8.se\/wp-content\/uploads\/2024\/09\/img_2742-768x1053.jpg 768w, https:\/\/3d8.se\/wp-content\/uploads\/2024\/09\/img_2742-1120x1536.jpg 1120w, https:\/\/3d8.se\/wp-content\/uploads\/2024\/09\/img_2742-600x823.jpg 600w, https:\/\/3d8.se\/wp-content\/uploads\/2024\/09\/img_2742.jpg 1458w\" sizes=\"auto, (max-width: 219px) 100vw, 219px\" \/><\/p>\n","protected":false},"excerpt":{"rendered":"<p>OBS, viss montering kr\u00e4vs.<\/p>\n","protected":false},"featured_media":378,"comment_status":"open","ping_status":"closed","template":"","meta":[],"product_brand":[],"product_cat":[16],"product_tag":[],"class_list":{"0":"post-381","1":"product","2":"type-product","3":"status-publish","4":"has-post-thumbnail","6":"product_cat-okategoriserad","7":"product_shipping_class-brev-utan-sparning","9":"first","10":"instock","11":"taxable","12":"shipping-taxable","13":"purchasable","14":"product-type-simple"},"jetpack_sharing_enabled":true,"_links":{"self":[{"href":"https:\/\/3d8.se\/index.php?rest_route=\/wp\/v2\/product\/381","targetHints":{"allow":["GET"]}}],"collection":[{"href":"https:\/\/3d8.se\/index.php?rest_route=\/wp\/v2\/product"}],"about":[{"href":"https:\/\/3d8.se\/index.php?rest_route=\/wp\/v2\/types\/product"}],"replies":[{"embeddable":true,"href":"https:\/\/3d8.se\/index.php?rest_route=%2Fwp%2Fv2%2Fcomments&post=381"}],"wp:featuredmedia":[{"embeddable":true,"href":"https:\/\/3d8.se\/index.php?rest_route=\/wp\/v2\/media\/378"}],"wp:attachment":[{"href":"https:\/\/3d8.se\/index.php?rest_route=%2Fwp%2Fv2%2Fmedia&parent=381"}],"wp:term":[{"taxonomy":"product_brand","embeddable":true,"href":"https:\/\/3d8.se\/index.php?rest_route=%2Fwp%2Fv2%2Fproduct_brand&post=381"},{"taxonomy":"product_cat","embeddable":true,"href":"https:\/\/3d8.se\/index.php?rest_route=%2Fwp%2Fv2%2Fproduct_cat&post=381"},{"taxonomy":"product_tag","embeddable":true,"href":"https:\/\/3d8.se\/index.php?rest_route=%2Fwp%2Fv2%2Fproduct_tag&post=381"}],"curies":[{"name":"wp","href":"https:\/\/api.w.org\/{rel}","templated":true}]}}