{"id":375,"date":"2024-09-18T16:15:03","date_gmt":"2024-09-18T16:15:03","guid":{"rendered":"https:\/\/3d8.se\/?post_type=product&#038;p=375"},"modified":"2024-09-18T16:15:03","modified_gmt":"2024-09-18T16:15:03","slug":"tratt-till-stromberg-175cd","status":"publish","type":"product","link":"https:\/\/3d8.se\/?product=tratt-till-stromberg-175cd","title":{"rendered":"Tratt till Stromberg 175CD"},"content":{"rendered":"<p>Tratten till Stromberg 175CD f\u00f6rgasaren \u00e4r tillverkad av ABS-plast, vilket \u00e4r ett h\u00e5llbart och slitstarkt material som t\u00e5l h\u00f6ga temperaturer och p\u00e5frestningar. Tratten \u00e4r designad specifikt f\u00f6r att passa 175CD-modellen och s\u00e4kerst\u00e4ller ett effektivt luftfl\u00f6de till f\u00f6rgasaren. Den finns i svart, vilket ger ett diskret och stilrent utseende, perfekt f\u00f6r att bibeh\u00e5lla ett professionellt intryck under motorhuven.<br \/>\nG\u00e5r att specialbest\u00e4lla i andra f\u00e4rger&#8230;..<\/p>\n<p><img loading=\"lazy\" decoding=\"async\" class=\"alignnone size-medium wp-image-377\" src=\"https:\/\/3d8.se\/wp-content\/uploads\/2024\/09\/tratt175cd-279x300.jpg\" alt=\"\" width=\"279\" height=\"300\" srcset=\"https:\/\/3d8.se\/wp-content\/uploads\/2024\/09\/tratt175cd-279x300.jpg 279w, https:\/\/3d8.se\/wp-content\/uploads\/2024\/09\/tratt175cd-953x1024.jpg 953w, https:\/\/3d8.se\/wp-content\/uploads\/2024\/09\/tratt175cd-768x825.jpg 768w, https:\/\/3d8.se\/wp-content\/uploads\/2024\/09\/tratt175cd-1430x1536.jpg 1430w, https:\/\/3d8.se\/wp-content\/uploads\/2024\/09\/tratt175cd-1906x2048.jpg 1906w, https:\/\/3d8.se\/wp-content\/uploads\/2024\/09\/tratt175cd-600x645.jpg 600w, https:\/\/3d8.se\/wp-content\/uploads\/2024\/09\/tratt175cd.jpg 1920w\" sizes=\"auto, (max-width: 279px) 100vw, 279px\" \/><\/p>\n","protected":false},"excerpt":{"rendered":"<p>Tratten till Stromberg 175CD f\u00f6rgasaren \u00e4r tillverkad av ABS-plast, vilket \u00e4r ett h\u00e5llbart och slitstarkt material som t\u00e5l h\u00f6ga temperaturer och p\u00e5frestningar. Tratten \u00e4r designad specifikt f\u00f6r att passa 175CD-modellen och s\u00e4kerst\u00e4ller ett effektivt luftfl\u00f6de till f\u00f6rgasaren. Den finns i svart, vilket ger ett diskret och stilrent utseende, perfekt f\u00f6r att bibeh\u00e5lla ett professionellt intryck [&hellip;]<\/p>\n","protected":false},"featured_media":376,"comment_status":"open","ping_status":"closed","template":"","meta":[],"product_brand":[],"product_cat":[16],"product_tag":[],"class_list":{"0":"post-375","1":"product","2":"type-product","3":"status-publish","4":"has-post-thumbnail","6":"product_cat-okategoriserad","7":"product_shipping_class-brev-utan-sparning","9":"first","10":"instock","11":"sale","12":"taxable","13":"shipping-taxable","14":"purchasable","15":"product-type-simple"},"jetpack_sharing_enabled":true,"_links":{"self":[{"href":"https:\/\/3d8.se\/index.php?rest_route=\/wp\/v2\/product\/375","targetHints":{"allow":["GET"]}}],"collection":[{"href":"https:\/\/3d8.se\/index.php?rest_route=\/wp\/v2\/product"}],"about":[{"href":"https:\/\/3d8.se\/index.php?rest_route=\/wp\/v2\/types\/product"}],"replies":[{"embeddable":true,"href":"https:\/\/3d8.se\/index.php?rest_route=%2Fwp%2Fv2%2Fcomments&post=375"}],"wp:featuredmedia":[{"embeddable":true,"href":"https:\/\/3d8.se\/index.php?rest_route=\/wp\/v2\/media\/376"}],"wp:attachment":[{"href":"https:\/\/3d8.se\/index.php?rest_route=%2Fwp%2Fv2%2Fmedia&parent=375"}],"wp:term":[{"taxonomy":"product_brand","embeddable":true,"href":"https:\/\/3d8.se\/index.php?rest_route=%2Fwp%2Fv2%2Fproduct_brand&post=375"},{"taxonomy":"product_cat","embeddable":true,"href":"https:\/\/3d8.se\/index.php?rest_route=%2Fwp%2Fv2%2Fproduct_cat&post=375"},{"taxonomy":"product_tag","embeddable":true,"href":"https:\/\/3d8.se\/index.php?rest_route=%2Fwp%2Fv2%2Fproduct_tag&post=375"}],"curies":[{"name":"wp","href":"https:\/\/api.w.org\/{rel}","templated":true}]}}