{"id":283,"date":"2023-12-07T14:36:15","date_gmt":"2023-12-07T14:36:15","guid":{"rendered":"https:\/\/3d8.se\/?post_type=product&#038;p=283"},"modified":"2023-12-07T14:38:29","modified_gmt":"2023-12-07T14:38:29","slug":"283","status":"publish","type":"product","link":"https:\/\/3d8.se\/?product=283","title":{"rendered":"Milwaukee M12 adapter med krokodilkl\u00e4mmor"},"content":{"rendered":"<p>Den h\u00e4r Milwaukee M12 batteriadaptern representerar en h\u00f6gpresterande och p\u00e5litlig l\u00f6sning f\u00f6r dina energibehov. Tillverkad av robust och h\u00e5llbart h\u00f6gkvalitativt ABS-material, erbjuder adaptern en stabil struktur och en s\u00e4ker anslutning till ditt batteri. Den \u00e4r designad f\u00f6r att vara kompakt och tar minimalt med plats vid anv\u00e4ndning, vilket \u00e4r idealiskt i tr\u00e5nga arbetsmilj\u00f6er.<\/p>\n<p>Viktigt att notera \u00e4r att sj\u00e4lva batteriet inte ing\u00e5r i denna produkt. Det \u00e4r avg\u00f6rande att kontrollera specifikationerna noggrant f\u00f6r att s\u00e4kerst\u00e4lla att du best\u00e4ller r\u00e4tt variant, eftersom adaptern finns tillg\u00e4nglig b\u00e5de som en byggsats och som en f\u00e4rdigmonterad enhet. Adapterns batterianslutningsomvandlare \u00e4r utformad f\u00f6r att ge en skakfri och p\u00e5litlig anslutning, vilket garanterar en kontinuerlig str\u00f6mf\u00f6rs\u00f6rjning under anv\u00e4ndning. Med sin smidiga design och blanka exteri\u00f6r\u00a0\u00e4r denna adapter inte bara funktionell utan \u00e4ven estetiskt tilltalande, vilket g\u00f6r den till ett utm\u00e4rkt tillbeh\u00f6r f\u00f6r effektivt och p\u00e5litligt arbete.<\/p>\n<p><img loading=\"lazy\" decoding=\"async\" class=\"alignnone size-medium wp-image-295\" src=\"https:\/\/3d8.se\/wp-content\/uploads\/2023\/12\/IMG_0579-300x188.jpeg\" alt=\"\" width=\"300\" height=\"188\" srcset=\"https:\/\/3d8.se\/wp-content\/uploads\/2023\/12\/IMG_0579-300x188.jpeg 300w, https:\/\/3d8.se\/wp-content\/uploads\/2023\/12\/IMG_0579.jpeg 524w\" sizes=\"auto, (max-width: 300px) 100vw, 300px\" \/><\/p>\n<p>Bilden ovan visar vad du f\u00e5r i leveransen om du best\u00e4ller denna artikel<\/p>\n","protected":false},"excerpt":{"rendered":"<p><img loading=\"lazy\" decoding=\"async\" class=\"alignnone size-medium wp-image-292\" src=\"https:\/\/3d8.se\/wp-content\/uploads\/2023\/12\/IMG_0576-199x300.jpeg\" alt=\"\" width=\"199\" height=\"300\" srcset=\"https:\/\/3d8.se\/wp-content\/uploads\/2023\/12\/IMG_0576-199x300.jpeg 199w, https:\/\/3d8.se\/wp-content\/uploads\/2023\/12\/IMG_0576-678x1024.jpeg 678w, https:\/\/3d8.se\/wp-content\/uploads\/2023\/12\/IMG_0576-768x1160.jpeg 768w, https:\/\/3d8.se\/wp-content\/uploads\/2023\/12\/IMG_0576-1017x1536.jpeg 1017w, https:\/\/3d8.se\/wp-content\/uploads\/2023\/12\/IMG_0576-1356x2048.jpeg 1356w, https:\/\/3d8.se\/wp-content\/uploads\/2023\/12\/IMG_0576-600x906.jpeg 600w, https:\/\/3d8.se\/wp-content\/uploads\/2023\/12\/IMG_0576.jpeg 1442w\" sizes=\"auto, (max-width: 199px) 100vw, 199px\" \/><\/p>\n","protected":false},"featured_media":293,"comment_status":"open","ping_status":"closed","template":"","meta":[],"product_brand":[],"product_cat":[16],"product_tag":[],"class_list":{"0":"post-283","1":"product","2":"type-product","3":"status-publish","4":"has-post-thumbnail","6":"product_cat-okategoriserad","8":"first","9":"instock","10":"taxable","11":"shipping-taxable","12":"purchasable","13":"product-type-simple"},"jetpack_sharing_enabled":true,"_links":{"self":[{"href":"https:\/\/3d8.se\/index.php?rest_route=\/wp\/v2\/product\/283","targetHints":{"allow":["GET"]}}],"collection":[{"href":"https:\/\/3d8.se\/index.php?rest_route=\/wp\/v2\/product"}],"about":[{"href":"https:\/\/3d8.se\/index.php?rest_route=\/wp\/v2\/types\/product"}],"replies":[{"embeddable":true,"href":"https:\/\/3d8.se\/index.php?rest_route=%2Fwp%2Fv2%2Fcomments&post=283"}],"wp:featuredmedia":[{"embeddable":true,"href":"https:\/\/3d8.se\/index.php?rest_route=\/wp\/v2\/media\/293"}],"wp:attachment":[{"href":"https:\/\/3d8.se\/index.php?rest_route=%2Fwp%2Fv2%2Fmedia&parent=283"}],"wp:term":[{"taxonomy":"product_brand","embeddable":true,"href":"https:\/\/3d8.se\/index.php?rest_route=%2Fwp%2Fv2%2Fproduct_brand&post=283"},{"taxonomy":"product_cat","embeddable":true,"href":"https:\/\/3d8.se\/index.php?rest_route=%2Fwp%2Fv2%2Fproduct_cat&post=283"},{"taxonomy":"product_tag","embeddable":true,"href":"https:\/\/3d8.se\/index.php?rest_route=%2Fwp%2Fv2%2Fproduct_tag&post=283"}],"curies":[{"name":"wp","href":"https:\/\/api.w.org\/{rel}","templated":true}]}}