{"id":267,"date":"2023-12-04T08:40:57","date_gmt":"2023-12-04T08:40:57","guid":{"rendered":"https:\/\/3d8.se\/?post_type=product&#038;p=267"},"modified":"2026-04-09T08:11:31","modified_gmt":"2026-04-09T08:11:31","slug":"govee-permanent-outdoor-lights-faste","status":"publish","type":"product","link":"https:\/\/3d8.se\/?product=govee-permanent-outdoor-lights-faste","title":{"rendered":"Govee Permanent Outdoor Lights f\u00e4ste"},"content":{"rendered":"<p>F\u00e5r vi presentera v\u00e5rt innovativa 3D-utskrivna f\u00e4ste f\u00f6r Govee Permanent Outdoor Lights\u00a0 \u2013 en skr\u00e4ddarsydd l\u00f6sning som f\u00f6rvandlar din utomhusbelysning till en enast\u00e5ende upplevelse. Designat f\u00f6r precision och perfektion, \u00e4r detta f\u00e4ste den ultimata uppgraderingen f\u00f6r dina Govee-lampor.<\/p>\n<p>V\u00e5rt f\u00e4ste \u00e4r tillverkat av h\u00f6gkvalitativ ABS-plast, vilket garanterar b\u00e5de styrka och h\u00e5llbarhet mot v\u00e4der och vind. Den robusta konstruktionen s\u00e4kerst\u00e4ller att dina Govee-lampor sitter s\u00e4kert och stadigt, oavsett v\u00e4derf\u00f6rh\u00e5llanden.<\/p>\n<p>Genom att anv\u00e4nda avancerad 3D-skrivarteknik har vi skapat ett f\u00e4ste som inte bara \u00e4r funktionellt, utan ocks\u00e5 estetiskt tilltalande. Dess stilrena design kompletterar din utomhusmilj\u00f6 och g\u00f6r dina ljus till ett verkligt blickf\u00e5ng.<\/p>\n<p>Installationen \u00e4r enkel och smidig. V\u00e5rt f\u00e4ste \u00e4r designat f\u00f6r att passa perfekt med Govee Permanent Outdoor Lights, vilket g\u00f6r att du kan montera dina lampor snabbt och utan kr\u00e5ngel. Oavsett om du \u00e4r en DIY-entusiast eller f\u00f6redrar enkelhet, kommer detta f\u00e4ste att uppfylla dina behov.<\/p>\n<p>Uppgradera din utomhusbelysning idag med v\u00e5rt 3D-utskrivna f\u00e4ste f\u00f6r Govee Permanent Outdoor Lights. Best\u00e4ll nu f\u00f6r att ge dina utomhusomr\u00e5den en lyftning med en kombination av modern teknik och sofistikerad design!<\/p>\n","protected":false},"excerpt":{"rendered":"<p><img loading=\"lazy\" decoding=\"async\" class=\"alignnone size-medium wp-image-264\" src=\"https:\/\/3d8.se\/wp-content\/uploads\/2023\/12\/Govee2-300x166.jpg\" alt=\"\" width=\"300\" height=\"166\" srcset=\"https:\/\/3d8.se\/wp-content\/uploads\/2023\/12\/Govee2-300x166.jpg 300w, https:\/\/3d8.se\/wp-content\/uploads\/2023\/12\/Govee2-1024x565.jpg 1024w, https:\/\/3d8.se\/wp-content\/uploads\/2023\/12\/Govee2-768x424.jpg 768w, https:\/\/3d8.se\/wp-content\/uploads\/2023\/12\/Govee2-1536x848.jpg 1536w, https:\/\/3d8.se\/wp-content\/uploads\/2023\/12\/Govee2-600x331.jpg 600w, https:\/\/3d8.se\/wp-content\/uploads\/2023\/12\/Govee2.jpg 1610w\" sizes=\"auto, (max-width: 300px) 100vw, 300px\" \/>\u00a0 \u00a0 \u00a0 <img loading=\"lazy\" decoding=\"async\" class=\"alignnone size-medium wp-image-263\" src=\"https:\/\/3d8.se\/wp-content\/uploads\/2023\/12\/Govee1-300x253.jpg\" alt=\"\" width=\"300\" height=\"253\" srcset=\"https:\/\/3d8.se\/wp-content\/uploads\/2023\/12\/Govee1-300x253.jpg 300w, https:\/\/3d8.se\/wp-content\/uploads\/2023\/12\/Govee1-1024x864.jpg 1024w, https:\/\/3d8.se\/wp-content\/uploads\/2023\/12\/Govee1-768x648.jpg 768w, https:\/\/3d8.se\/wp-content\/uploads\/2023\/12\/Govee1-1536x1295.jpg 1536w, https:\/\/3d8.se\/wp-content\/uploads\/2023\/12\/Govee1-600x506.jpg 600w, https:\/\/3d8.se\/wp-content\/uploads\/2023\/12\/Govee1.jpg 1564w\" sizes=\"auto, (max-width: 300px) 100vw, 300px\" \/><\/p>\n","protected":false},"featured_media":263,"comment_status":"open","ping_status":"closed","template":"","meta":[],"product_brand":[],"product_cat":[16],"product_tag":[],"class_list":{"0":"post-267","1":"product","2":"type-product","3":"status-publish","4":"has-post-thumbnail","6":"product_cat-okategoriserad","8":"first","9":"instock","10":"taxable","11":"shipping-taxable","12":"purchasable","13":"product-type-simple"},"jetpack_sharing_enabled":true,"_links":{"self":[{"href":"https:\/\/3d8.se\/index.php?rest_route=\/wp\/v2\/product\/267","targetHints":{"allow":["GET"]}}],"collection":[{"href":"https:\/\/3d8.se\/index.php?rest_route=\/wp\/v2\/product"}],"about":[{"href":"https:\/\/3d8.se\/index.php?rest_route=\/wp\/v2\/types\/product"}],"replies":[{"embeddable":true,"href":"https:\/\/3d8.se\/index.php?rest_route=%2Fwp%2Fv2%2Fcomments&post=267"}],"wp:featuredmedia":[{"embeddable":true,"href":"https:\/\/3d8.se\/index.php?rest_route=\/wp\/v2\/media\/263"}],"wp:attachment":[{"href":"https:\/\/3d8.se\/index.php?rest_route=%2Fwp%2Fv2%2Fmedia&parent=267"}],"wp:term":[{"taxonomy":"product_brand","embeddable":true,"href":"https:\/\/3d8.se\/index.php?rest_route=%2Fwp%2Fv2%2Fproduct_brand&post=267"},{"taxonomy":"product_cat","embeddable":true,"href":"https:\/\/3d8.se\/index.php?rest_route=%2Fwp%2Fv2%2Fproduct_cat&post=267"},{"taxonomy":"product_tag","embeddable":true,"href":"https:\/\/3d8.se\/index.php?rest_route=%2Fwp%2Fv2%2Fproduct_tag&post=267"}],"curies":[{"name":"wp","href":"https:\/\/api.w.org\/{rel}","templated":true}]}}