{"id":254,"date":"2023-12-03T18:37:20","date_gmt":"2023-12-03T18:37:20","guid":{"rendered":"https:\/\/3d8.se\/?post_type=product&#038;p=254"},"modified":"2023-12-11T00:10:52","modified_gmt":"2023-12-11T00:10:52","slug":"vaggfaste-snowracer","status":"publish","type":"product","link":"https:\/\/3d8.se\/?product=vaggfaste-snowracer","title":{"rendered":"V\u00e4ggf\u00e4ste SnowRacer"},"content":{"rendered":"<p>Uppt\u00e4ck v\u00e5rt revolutionerande v\u00e4ggf\u00e4ste f\u00f6r snow racers \u2013 den perfekta l\u00f6sningen f\u00f6r att f\u00f6rvara din \u00e4lskade vinterutrustning! V\u00e5rt v\u00e4ggf\u00e4ste \u00e4r skr\u00e4ddarsytt f\u00f6r att passa b\u00e5de raka och sv\u00e4ngda skidor, vilket ger dig den m\u00e5ngsidighet och anpassning du beh\u00f6ver f\u00f6r alla typer av snow racers.<\/p>\n<p>Tillverkat av h\u00f6gkvalitativ ABS-plast, garanterar v\u00e5rt v\u00e4ggf\u00e4ste b\u00e5de h\u00e5llbarhet och elegans. Detta material \u00e4r inte bara starkt och slitstarkt, men det \u00e4r ocks\u00e5 l\u00e4tt att reng\u00f6ra och underh\u00e5lla, vilket s\u00e4kerst\u00e4ller att ditt v\u00e4ggf\u00e4ste ser nytt ut \u00e5r efter \u00e5r.<\/p>\n<p>Med en enkel installation och ett str\u00f6mlinjeformat design, \u00e4r v\u00e5rt v\u00e4ggf\u00e4ste f\u00f6r snow racers det optimala valet f\u00f6r att effektivisera din f\u00f6rvaring och skydda din utrustning. S\u00e4g adj\u00f6 till oordning och v\u00e4lkomna en mer organiserad och snygg vinterhobby. Best\u00e4ll ditt exemplar idag och upplev skillnaden!<\/p>\n","protected":false},"excerpt":{"rendered":"<p>Uppt\u00e4ck v\u00e5rt revolutionerande v\u00e4ggf\u00e4ste f\u00f6r snow racers \u2013 den perfekta l\u00f6sningen f\u00f6r att f\u00f6rvara din \u00e4lskade vinterutrustning! V\u00e5rt v\u00e4ggf\u00e4ste \u00e4r skr\u00e4ddarsytt f\u00f6r att passa b\u00e5de raka och sv\u00e4ngda skidor, vilket ger dig den m\u00e5ngsidighet och anpassning du beh\u00f6ver f\u00f6r alla typer av snow racers. Tillverkat av h\u00f6gkvalitativ ABS-plast, garanterar v\u00e5rt v\u00e4ggf\u00e4ste b\u00e5de h\u00e5llbarhet och elegans. [&hellip;]<\/p>\n","protected":false},"featured_media":253,"comment_status":"open","ping_status":"closed","template":"","meta":[],"product_brand":[],"product_cat":[16],"product_tag":[],"class_list":{"0":"post-254","1":"product","2":"type-product","3":"status-publish","4":"has-post-thumbnail","6":"product_cat-okategoriserad","8":"first","9":"instock","10":"taxable","11":"shipping-taxable","12":"purchasable","13":"product-type-simple"},"jetpack_sharing_enabled":true,"_links":{"self":[{"href":"https:\/\/3d8.se\/index.php?rest_route=\/wp\/v2\/product\/254","targetHints":{"allow":["GET"]}}],"collection":[{"href":"https:\/\/3d8.se\/index.php?rest_route=\/wp\/v2\/product"}],"about":[{"href":"https:\/\/3d8.se\/index.php?rest_route=\/wp\/v2\/types\/product"}],"replies":[{"embeddable":true,"href":"https:\/\/3d8.se\/index.php?rest_route=%2Fwp%2Fv2%2Fcomments&post=254"}],"wp:featuredmedia":[{"embeddable":true,"href":"https:\/\/3d8.se\/index.php?rest_route=\/wp\/v2\/media\/253"}],"wp:attachment":[{"href":"https:\/\/3d8.se\/index.php?rest_route=%2Fwp%2Fv2%2Fmedia&parent=254"}],"wp:term":[{"taxonomy":"product_brand","embeddable":true,"href":"https:\/\/3d8.se\/index.php?rest_route=%2Fwp%2Fv2%2Fproduct_brand&post=254"},{"taxonomy":"product_cat","embeddable":true,"href":"https:\/\/3d8.se\/index.php?rest_route=%2Fwp%2Fv2%2Fproduct_cat&post=254"},{"taxonomy":"product_tag","embeddable":true,"href":"https:\/\/3d8.se\/index.php?rest_route=%2Fwp%2Fv2%2Fproduct_tag&post=254"}],"curies":[{"name":"wp","href":"https:\/\/api.w.org\/{rel}","templated":true}]}}