{"id":224,"date":"2023-04-26T18:35:32","date_gmt":"2023-04-26T18:35:32","guid":{"rendered":"https:\/\/3d8.se\/?post_type=product&#038;p=224"},"modified":"2024-08-16T19:05:57","modified_gmt":"2024-08-16T19:05:57","slug":"golvbrunnssil-for-purus-klinkerram-163-mm-linus-pa-linjen","status":"publish","type":"product","link":"https:\/\/3d8.se\/?product=golvbrunnssil-for-purus-klinkerram-163-mm-linus-pa-linjen","title":{"rendered":"Golvbrunnssil f\u00f6r Purus klinkerram 163 mm Linus p\u00e5 linjen"},"content":{"rendered":"<p><img loading=\"lazy\" decoding=\"async\" class=\"alignnone size-medium wp-image-217\" src=\"https:\/\/3d8.se\/wp-content\/uploads\/2023\/04\/img_2394-300x254.jpg\" alt=\"\" width=\"300\" height=\"254\" srcset=\"https:\/\/3d8.se\/wp-content\/uploads\/2023\/04\/img_2394-300x254.jpg 300w, https:\/\/3d8.se\/wp-content\/uploads\/2023\/04\/img_2394-1024x866.jpg 1024w, https:\/\/3d8.se\/wp-content\/uploads\/2023\/04\/img_2394-768x649.jpg 768w, https:\/\/3d8.se\/wp-content\/uploads\/2023\/04\/img_2394-1536x1299.jpg 1536w, https:\/\/3d8.se\/wp-content\/uploads\/2023\/04\/img_2394-2048x1732.jpg 2048w, https:\/\/3d8.se\/wp-content\/uploads\/2023\/04\/img_2394-1320x1116.jpg 1320w, https:\/\/3d8.se\/wp-content\/uploads\/2023\/04\/img_2394-600x507.jpg 600w\" sizes=\"auto, (max-width: 300px) 100vw, 300px\" \/> <img loading=\"lazy\" decoding=\"async\" class=\"alignnone size-medium wp-image-220\" src=\"https:\/\/3d8.se\/wp-content\/uploads\/2023\/04\/img_2393-292x300.jpg\" alt=\"\" width=\"292\" height=\"300\" srcset=\"https:\/\/3d8.se\/wp-content\/uploads\/2023\/04\/img_2393-292x300.jpg 292w, https:\/\/3d8.se\/wp-content\/uploads\/2023\/04\/img_2393-998x1024.jpg 998w, https:\/\/3d8.se\/wp-content\/uploads\/2023\/04\/img_2393-768x788.jpg 768w, https:\/\/3d8.se\/wp-content\/uploads\/2023\/04\/img_2393-1497x1536.jpg 1497w, https:\/\/3d8.se\/wp-content\/uploads\/2023\/04\/img_2393-1996x2048.jpg 1996w, https:\/\/3d8.se\/wp-content\/uploads\/2023\/04\/img_2393-1320x1354.jpg 1320w, https:\/\/3d8.se\/wp-content\/uploads\/2023\/04\/img_2393-600x616.jpg 600w, https:\/\/3d8.se\/wp-content\/uploads\/2023\/04\/img_2393.jpg 2045w\" sizes=\"auto, (max-width: 292px) 100vw, 292px\" \/><\/p>\n<p>Golvbrunnssil\/Duschbrunnsil passar Purus 163mm klinkerram<\/p>\n<p>Golvbrunnssil h\u00e4r \u00e4r en sil i plast som passar alla Purus golvbrunnar med sildimension 163 mm i diameter. Den \u00e4r utformad s\u00e5 d\u00e4r inte blir n\u00e5got kvarst\u00e5ende vatten runt silen.<\/p>\n<p>&nbsp;<\/p>\n","protected":false},"excerpt":{"rendered":"<p>Golvbrunnssil\/Duschbrunnsil passar Purus 163mm klinkerram Golvbrunnssil h\u00e4r \u00e4r en sil i plast som passar alla Purus golvbrunnar med sildimension 163 mm i diameter. Den \u00e4r utformad s\u00e5 d\u00e4r inte blir n\u00e5got kvarst\u00e5ende vatten runt silen. &nbsp;<\/p>\n","protected":false},"featured_media":217,"comment_status":"open","ping_status":"closed","template":"","meta":[],"product_brand":[],"product_cat":[28],"product_tag":[],"class_list":{"0":"post-224","1":"product","2":"type-product","3":"status-publish","4":"has-post-thumbnail","6":"product_cat-golvbrun","8":"first","9":"instock","10":"taxable","11":"shipping-taxable","12":"purchasable","13":"product-type-simple"},"jetpack_sharing_enabled":true,"_links":{"self":[{"href":"https:\/\/3d8.se\/index.php?rest_route=\/wp\/v2\/product\/224","targetHints":{"allow":["GET"]}}],"collection":[{"href":"https:\/\/3d8.se\/index.php?rest_route=\/wp\/v2\/product"}],"about":[{"href":"https:\/\/3d8.se\/index.php?rest_route=\/wp\/v2\/types\/product"}],"replies":[{"embeddable":true,"href":"https:\/\/3d8.se\/index.php?rest_route=%2Fwp%2Fv2%2Fcomments&post=224"}],"wp:featuredmedia":[{"embeddable":true,"href":"https:\/\/3d8.se\/index.php?rest_route=\/wp\/v2\/media\/217"}],"wp:attachment":[{"href":"https:\/\/3d8.se\/index.php?rest_route=%2Fwp%2Fv2%2Fmedia&parent=224"}],"wp:term":[{"taxonomy":"product_brand","embeddable":true,"href":"https:\/\/3d8.se\/index.php?rest_route=%2Fwp%2Fv2%2Fproduct_brand&post=224"},{"taxonomy":"product_cat","embeddable":true,"href":"https:\/\/3d8.se\/index.php?rest_route=%2Fwp%2Fv2%2Fproduct_cat&post=224"},{"taxonomy":"product_tag","embeddable":true,"href":"https:\/\/3d8.se\/index.php?rest_route=%2Fwp%2Fv2%2Fproduct_tag&post=224"}],"curies":[{"name":"wp","href":"https:\/\/api.w.org\/{rel}","templated":true}]}}