{"id":177,"date":"2023-04-13T13:05:37","date_gmt":"2023-04-13T13:05:37","guid":{"rendered":"https:\/\/3d8.se\/?post_type=product&#038;p=177"},"modified":"2023-04-13T13:25:06","modified_gmt":"2023-04-13T13:25:06","slug":"golvbrunnssil-for-purus-klinkerram-163-mm-2-2","status":"publish","type":"product","link":"https:\/\/3d8.se\/?product=golvbrunnssil-for-purus-klinkerram-163-mm-2-2","title":{"rendered":"Golvbrunnssil Save Water Shower Togheter f\u00f6r Purus klinkerram 163 mm"},"content":{"rendered":"<p><img loading=\"lazy\" decoding=\"async\" class=\"alignnone size-medium wp-image-179\" src=\"https:\/\/3d8.se\/wp-content\/uploads\/2023\/04\/img_2315-291x300.jpeg\" alt=\"\" width=\"291\" height=\"300\" srcset=\"https:\/\/3d8.se\/wp-content\/uploads\/2023\/04\/img_2315-291x300.jpeg 291w, https:\/\/3d8.se\/wp-content\/uploads\/2023\/04\/img_2315-993x1024.jpeg 993w, https:\/\/3d8.se\/wp-content\/uploads\/2023\/04\/img_2315-768x792.jpeg 768w, https:\/\/3d8.se\/wp-content\/uploads\/2023\/04\/img_2315-1489x1536.jpeg 1489w, https:\/\/3d8.se\/wp-content\/uploads\/2023\/04\/img_2315-1985x2048.jpeg 1985w, https:\/\/3d8.se\/wp-content\/uploads\/2023\/04\/img_2315-1320x1362.jpeg 1320w, https:\/\/3d8.se\/wp-content\/uploads\/2023\/04\/img_2315-600x619.jpeg 600w\" sizes=\"auto, (max-width: 291px) 100vw, 291px\" \/><img loading=\"lazy\" decoding=\"async\" class=\"alignnone size-medium wp-image-178\" src=\"https:\/\/3d8.se\/wp-content\/uploads\/2023\/04\/img_2316-300x140.jpeg\" alt=\"\" width=\"300\" height=\"140\" srcset=\"https:\/\/3d8.se\/wp-content\/uploads\/2023\/04\/img_2316-300x140.jpeg 300w, https:\/\/3d8.se\/wp-content\/uploads\/2023\/04\/img_2316-1024x477.jpeg 1024w, https:\/\/3d8.se\/wp-content\/uploads\/2023\/04\/img_2316-768x358.jpeg 768w, https:\/\/3d8.se\/wp-content\/uploads\/2023\/04\/img_2316-1536x716.jpeg 1536w, https:\/\/3d8.se\/wp-content\/uploads\/2023\/04\/img_2316-2048x954.jpeg 2048w, https:\/\/3d8.se\/wp-content\/uploads\/2023\/04\/img_2316-1320x615.jpeg 1320w, https:\/\/3d8.se\/wp-content\/uploads\/2023\/04\/img_2316-600x280.jpeg 600w\" sizes=\"auto, (max-width: 300px) 100vw, 300px\" \/><\/p>\n<p>Golvbrunnssil\/Duschbrunnsil passar Purus 163mm klinkerram<\/p>\n<p>Golvbrunnssil h\u00e4r \u00e4r en sil i plast som passar alla Purus golvbrunnar med sildimension 163 mm i diameter. Den \u00e4r utformad s\u00e5 d\u00e4r inte blir n\u00e5got kvarst\u00e5ende vatten runt silen.<\/p>\n<p>&nbsp;<\/p>\n","protected":false},"excerpt":{"rendered":"<p>Golvbrunnssil\/Duschbrunnsil passar Purus 163mm klinkerram Golvbrunnssil h\u00e4r \u00e4r en sil i plast som passar alla Purus golvbrunnar med sildimension 163 mm i diameter. Den \u00e4r utformad s\u00e5 d\u00e4r inte blir n\u00e5got kvarst\u00e5ende vatten runt silen. &nbsp;<\/p>\n","protected":false},"featured_media":179,"comment_status":"open","ping_status":"closed","template":"","meta":[],"product_brand":[],"product_cat":[28],"product_tag":[],"class_list":{"0":"post-177","1":"product","2":"type-product","3":"status-publish","4":"has-post-thumbnail","6":"product_cat-golvbrun","8":"first","9":"instock","10":"taxable","11":"shipping-taxable","12":"purchasable","13":"product-type-simple"},"jetpack_sharing_enabled":true,"_links":{"self":[{"href":"https:\/\/3d8.se\/index.php?rest_route=\/wp\/v2\/product\/177","targetHints":{"allow":["GET"]}}],"collection":[{"href":"https:\/\/3d8.se\/index.php?rest_route=\/wp\/v2\/product"}],"about":[{"href":"https:\/\/3d8.se\/index.php?rest_route=\/wp\/v2\/types\/product"}],"replies":[{"embeddable":true,"href":"https:\/\/3d8.se\/index.php?rest_route=%2Fwp%2Fv2%2Fcomments&post=177"}],"wp:featuredmedia":[{"embeddable":true,"href":"https:\/\/3d8.se\/index.php?rest_route=\/wp\/v2\/media\/179"}],"wp:attachment":[{"href":"https:\/\/3d8.se\/index.php?rest_route=%2Fwp%2Fv2%2Fmedia&parent=177"}],"wp:term":[{"taxonomy":"product_brand","embeddable":true,"href":"https:\/\/3d8.se\/index.php?rest_route=%2Fwp%2Fv2%2Fproduct_brand&post=177"},{"taxonomy":"product_cat","embeddable":true,"href":"https:\/\/3d8.se\/index.php?rest_route=%2Fwp%2Fv2%2Fproduct_cat&post=177"},{"taxonomy":"product_tag","embeddable":true,"href":"https:\/\/3d8.se\/index.php?rest_route=%2Fwp%2Fv2%2Fproduct_tag&post=177"}],"curies":[{"name":"wp","href":"https:\/\/api.w.org\/{rel}","templated":true}]}}