{"id":172,"date":"2023-04-02T13:09:09","date_gmt":"2023-04-02T13:09:09","guid":{"rendered":"https:\/\/3d8.se\/?post_type=product&#038;p=172"},"modified":"2023-04-13T13:21:20","modified_gmt":"2023-04-13T13:21:20","slug":"golvbrunnssil-for-purus-p150","status":"publish","type":"product","link":"https:\/\/3d8.se\/?product=golvbrunnssil-for-purus-p150","title":{"rendered":"Golvbrunnssil f\u00f6r Purus P150"},"content":{"rendered":"<p>Golvbrunnssil\/Duschbrunnsil passar Purus 150<\/p>\n<p>Golvbrunnssil h\u00e4r \u00e4r en sil i plast som passar alla Purus golvbrunnar med sildimension 150 mm i diameter. Den \u00e4r utformad s\u00e5 d\u00e4r inte blir n\u00e5got kvarst\u00e5ende vatten runt silen.<\/p>\n<p>149 mm<\/p>\n<p><img loading=\"lazy\" decoding=\"async\" class=\"alignnone size-medium wp-image-163\" src=\"https:\/\/3d8.se\/wp-content\/uploads\/2023\/04\/img_2273-283x300.jpg\" alt=\"\" width=\"283\" height=\"300\" srcset=\"https:\/\/3d8.se\/wp-content\/uploads\/2023\/04\/img_2273-283x300.jpg 283w, https:\/\/3d8.se\/wp-content\/uploads\/2023\/04\/img_2273-966x1024.jpg 966w, https:\/\/3d8.se\/wp-content\/uploads\/2023\/04\/img_2273-768x814.jpg 768w, https:\/\/3d8.se\/wp-content\/uploads\/2023\/04\/img_2273-1448x1536.jpg 1448w, https:\/\/3d8.se\/wp-content\/uploads\/2023\/04\/img_2273-1931x2048.jpg 1931w, https:\/\/3d8.se\/wp-content\/uploads\/2023\/04\/img_2273-1320x1400.jpg 1320w, https:\/\/3d8.se\/wp-content\/uploads\/2023\/04\/img_2273-600x636.jpg 600w\" sizes=\"auto, (max-width: 283px) 100vw, 283px\" \/><img loading=\"lazy\" decoding=\"async\" class=\"alignnone size-medium wp-image-162\" src=\"https:\/\/3d8.se\/wp-content\/uploads\/2023\/04\/img_2274-288x300.jpg\" alt=\"\" width=\"288\" height=\"300\" srcset=\"https:\/\/3d8.se\/wp-content\/uploads\/2023\/04\/img_2274-288x300.jpg 288w, https:\/\/3d8.se\/wp-content\/uploads\/2023\/04\/img_2274-982x1024.jpg 982w, https:\/\/3d8.se\/wp-content\/uploads\/2023\/04\/img_2274-768x801.jpg 768w, https:\/\/3d8.se\/wp-content\/uploads\/2023\/04\/img_2274-1474x1536.jpg 1474w, https:\/\/3d8.se\/wp-content\/uploads\/2023\/04\/img_2274-1965x2048.jpg 1965w, https:\/\/3d8.se\/wp-content\/uploads\/2023\/04\/img_2274-1320x1376.jpg 1320w, https:\/\/3d8.se\/wp-content\/uploads\/2023\/04\/img_2274-600x625.jpg 600w\" sizes=\"auto, (max-width: 288px) 100vw, 288px\" \/><\/p>\n","protected":false},"excerpt":{"rendered":"<p>Golvbrunnssil\/Duschbrunnsil passar Purus 150 Golvbrunnssil h\u00e4r \u00e4r en sil i plast som passar alla Purus golvbrunnar med sildimension 150 mm i diameter. Den \u00e4r utformad s\u00e5 d\u00e4r inte blir n\u00e5got kvarst\u00e5ende vatten runt silen. 149 mm<\/p>\n","protected":false},"featured_media":163,"comment_status":"open","ping_status":"closed","template":"","meta":[],"product_brand":[],"product_cat":[28],"product_tag":[],"class_list":{"0":"post-172","1":"product","2":"type-product","3":"status-publish","4":"has-post-thumbnail","6":"product_cat-golvbrun","8":"first","9":"instock","10":"taxable","11":"shipping-taxable","12":"purchasable","13":"product-type-simple"},"jetpack_sharing_enabled":true,"_links":{"self":[{"href":"https:\/\/3d8.se\/index.php?rest_route=\/wp\/v2\/product\/172","targetHints":{"allow":["GET"]}}],"collection":[{"href":"https:\/\/3d8.se\/index.php?rest_route=\/wp\/v2\/product"}],"about":[{"href":"https:\/\/3d8.se\/index.php?rest_route=\/wp\/v2\/types\/product"}],"replies":[{"embeddable":true,"href":"https:\/\/3d8.se\/index.php?rest_route=%2Fwp%2Fv2%2Fcomments&post=172"}],"wp:featuredmedia":[{"embeddable":true,"href":"https:\/\/3d8.se\/index.php?rest_route=\/wp\/v2\/media\/163"}],"wp:attachment":[{"href":"https:\/\/3d8.se\/index.php?rest_route=%2Fwp%2Fv2%2Fmedia&parent=172"}],"wp:term":[{"taxonomy":"product_brand","embeddable":true,"href":"https:\/\/3d8.se\/index.php?rest_route=%2Fwp%2Fv2%2Fproduct_brand&post=172"},{"taxonomy":"product_cat","embeddable":true,"href":"https:\/\/3d8.se\/index.php?rest_route=%2Fwp%2Fv2%2Fproduct_cat&post=172"},{"taxonomy":"product_tag","embeddable":true,"href":"https:\/\/3d8.se\/index.php?rest_route=%2Fwp%2Fv2%2Fproduct_tag&post=172"}],"curies":[{"name":"wp","href":"https:\/\/api.w.org\/{rel}","templated":true}]}}