{"id":168,"date":"2023-04-02T12:58:10","date_gmt":"2023-04-02T12:58:10","guid":{"rendered":"https:\/\/3d8.se\/?post_type=product&#038;p=168"},"modified":"2023-04-13T13:21:20","modified_gmt":"2023-04-13T13:21:20","slug":"dalahast-75mm-finns-i-flera-farger","status":"publish","type":"product","link":"https:\/\/3d8.se\/?product=dalahast-75mm-finns-i-flera-farger","title":{"rendered":"Dalah\u00e4st 75mm, finns i flera f\u00e4rger"},"content":{"rendered":"<p>Dalah\u00e4st 75mm h\u00f6g<\/p>\n<p>Ange \u00f6nskad f\u00e4rg vid best\u00e4llning.<\/p>\n<p>&nbsp;<\/p>\n<p><img loading=\"lazy\" decoding=\"async\" class=\"alignnone size-medium wp-image-158\" src=\"https:\/\/3d8.se\/wp-content\/uploads\/2023\/04\/img_2239-300x225.jpg\" alt=\"\" width=\"300\" height=\"225\" srcset=\"https:\/\/3d8.se\/wp-content\/uploads\/2023\/04\/img_2239-300x225.jpg 300w, https:\/\/3d8.se\/wp-content\/uploads\/2023\/04\/img_2239-1024x768.jpg 1024w, https:\/\/3d8.se\/wp-content\/uploads\/2023\/04\/img_2239-768x576.jpg 768w, https:\/\/3d8.se\/wp-content\/uploads\/2023\/04\/img_2239-1536x1152.jpg 1536w, https:\/\/3d8.se\/wp-content\/uploads\/2023\/04\/img_2239-2048x1536.jpg 2048w, https:\/\/3d8.se\/wp-content\/uploads\/2023\/04\/img_2239-1320x990.jpg 1320w, https:\/\/3d8.se\/wp-content\/uploads\/2023\/04\/img_2239-600x450.jpg 600w\" sizes=\"auto, (max-width: 300px) 100vw, 300px\" \/> <img loading=\"lazy\" decoding=\"async\" class=\"alignnone size-medium wp-image-156\" src=\"https:\/\/3d8.se\/wp-content\/uploads\/2023\/04\/img_2238-300x225.jpg\" alt=\"\" width=\"300\" height=\"225\" srcset=\"https:\/\/3d8.se\/wp-content\/uploads\/2023\/04\/img_2238-300x225.jpg 300w, https:\/\/3d8.se\/wp-content\/uploads\/2023\/04\/img_2238-1024x768.jpg 1024w, https:\/\/3d8.se\/wp-content\/uploads\/2023\/04\/img_2238-768x576.jpg 768w, https:\/\/3d8.se\/wp-content\/uploads\/2023\/04\/img_2238-1536x1152.jpg 1536w, https:\/\/3d8.se\/wp-content\/uploads\/2023\/04\/img_2238-2048x1536.jpg 2048w, https:\/\/3d8.se\/wp-content\/uploads\/2023\/04\/img_2238-1320x990.jpg 1320w, https:\/\/3d8.se\/wp-content\/uploads\/2023\/04\/img_2238-600x450.jpg 600w\" sizes=\"auto, (max-width: 300px) 100vw, 300px\" \/>la<\/p>\n","protected":false},"excerpt":{"rendered":"<p>K\u00f6p ett snyggt dragkroksskydd till din bil, tillverkat i Polyetylentereftalat(Plast).<\/p>\n<p>&nbsp;<\/p>\n<h2><\/h2>\n","protected":false},"featured_media":157,"comment_status":"open","ping_status":"closed","template":"","meta":[],"product_brand":[],"product_cat":[20],"product_tag":[25,22,23,24,21],"class_list":{"0":"post-168","1":"product","2":"type-product","3":"status-publish","4":"has-post-thumbnail","6":"product_cat-dalahastar","7":"product_tag-50mm","8":"product_tag-dalahast","9":"product_tag-dragkrok","10":"product_tag-dragkroksskydd","11":"product_tag-hast","13":"first","14":"instock","15":"taxable","16":"shipping-taxable","17":"purchasable","18":"product-type-simple"},"jetpack_sharing_enabled":true,"_links":{"self":[{"href":"https:\/\/3d8.se\/index.php?rest_route=\/wp\/v2\/product\/168","targetHints":{"allow":["GET"]}}],"collection":[{"href":"https:\/\/3d8.se\/index.php?rest_route=\/wp\/v2\/product"}],"about":[{"href":"https:\/\/3d8.se\/index.php?rest_route=\/wp\/v2\/types\/product"}],"replies":[{"embeddable":true,"href":"https:\/\/3d8.se\/index.php?rest_route=%2Fwp%2Fv2%2Fcomments&post=168"}],"wp:featuredmedia":[{"embeddable":true,"href":"https:\/\/3d8.se\/index.php?rest_route=\/wp\/v2\/media\/157"}],"wp:attachment":[{"href":"https:\/\/3d8.se\/index.php?rest_route=%2Fwp%2Fv2%2Fmedia&parent=168"}],"wp:term":[{"taxonomy":"product_brand","embeddable":true,"href":"https:\/\/3d8.se\/index.php?rest_route=%2Fwp%2Fv2%2Fproduct_brand&post=168"},{"taxonomy":"product_cat","embeddable":true,"href":"https:\/\/3d8.se\/index.php?rest_route=%2Fwp%2Fv2%2Fproduct_cat&post=168"},{"taxonomy":"product_tag","embeddable":true,"href":"https:\/\/3d8.se\/index.php?rest_route=%2Fwp%2Fv2%2Fproduct_tag&post=168"}],"curies":[{"name":"wp","href":"https:\/\/api.w.org\/{rel}","templated":true}]}}